{"id":4849,"date":"2018-01-02T19:18:52","date_gmt":"2018-01-02T17:18:52","guid":{"rendered":"https:\/\/situacioncritica.es\/area\/?page_id=4849"},"modified":"2023-11-12T12:24:53","modified_gmt":"2023-11-12T12:24:53","slug":"publicidad","status":"publish","type":"page","link":"https:\/\/beatsign.com\/studio\/works\/publicidad\/","title":{"rendered":"Servicios de Publicidad"},"content":{"rendered":"<p>[et_pb_section fb_built=\u00bb1&#8243; fullwidth=\u00bbon\u00bb _builder_version=\u00bb3.22&#8243; background_image=\u00bbhttps:\/\/beatsign.com\/studio\/works\/wp-content\/uploads\/2018\/06\/bg-publicidad2.jpg\u00bb background_position=\u00bbbottom_center\u00bb][et_pb_fullwidth_menu menu_id=\u00bb164&#8243; submenu_direction=\u00bbdownwards\u00bb fullwidth_menu=\u00bboff\u00bb disabled_on=\u00bbon|on|\u00bb _builder_version=\u00bb3.3.1&#8243; menu_font=\u00bb|||on|||||\u00bb background_color=\u00bbrgba(255,255,255,0)\u00bb text_orientation=\u00bbright\u00bb][\/et_pb_fullwidth_menu][et_pb_fullwidth_image src=\u00bbhttps:\/\/beatsign.com\/studio\/works\/wp-content\/uploads\/2017\/12\/Logo-white.png\u00bb disabled_on=\u00bbon|on|off\u00bb _builder_version=\u00bb3.0.92&#8243; max_width=\u00bb15%\u00bb custom_margin=\u00bb-60px|||5%\u00bb animation_style=\u00bbfade\u00bb animation_delay=\u00bb300ms\u00bb][\/et_pb_fullwidth_image][et_pb_fullwidth_header title=\u00bbCuando quieres que los clientes vean tu anuncio justo en el momento en el que buscan en Internet los productos o servicios que t\u00fa ofreces. Para eso estamos.\u00bb background_overlay_color=\u00bbrgba(0,0,0,0.41)\u00bb disabled_on=\u00bboff|off|\u00bb _builder_version=\u00bb3.16&#8243; custom_margin=\u00bb100px|5%|-20px|50%\u00bb custom_margin_tablet=\u00bb0px|0px|0px|0px\u00bb custom_margin_phone=\u00bb\u00bb custom_margin_last_edited=\u00bbon|phone\u00bb saved_tabs=\u00bball\u00bb button_one_text_size__hover_enabled=\u00bboff\u00bb button_two_text_size__hover_enabled=\u00bboff\u00bb button_one_text_color__hover_enabled=\u00bboff\u00bb button_two_text_color__hover_enabled=\u00bboff\u00bb button_one_border_width__hover_enabled=\u00bboff\u00bb button_two_border_width__hover_enabled=\u00bboff\u00bb button_one_border_color__hover_enabled=\u00bboff\u00bb button_two_border_color__hover_enabled=\u00bboff\u00bb button_one_border_radius__hover_enabled=\u00bboff\u00bb button_two_border_radius__hover_enabled=\u00bboff\u00bb button_one_letter_spacing__hover_enabled=\u00bboff\u00bb button_two_letter_spacing__hover_enabled=\u00bboff\u00bb button_one_bg_color__hover_enabled=\u00bboff\u00bb button_two_bg_color__hover_enabled=\u00bboff\u00bb][\/et_pb_fullwidth_header][et_pb_fullwidth_code admin_label=\u00bbCopy foto\u00bb]<\/p>\n<div class=\"copy\"><a href=\"https:\/\/unsplash.com\/@nativemello?utm_medium=referral&#038;utm_campaign=photographer-credit&#038;utm_content=creditBadge\" target=\"_blank\" rel=\"noopener noreferrer\" title=\"Fotograf\u00eda de Ian Dooley\"><span style=\"display:inline-block;padding:2px 3px;\"><svg xmlns=\"http:\/\/www.w3.org\/2000\/svg\" style=\"height:12px;width:auto;position:relative;vertical-align:middle;top:-1px;fill:white;\" viewBox=\"0 0 32 32\"><title>unsplash-logo<\/title><path d=\"M20.8 18.1c0 2.7-2.2 4.8-4.8 4.8s-4.8-2.1-4.8-4.8c0-2.7 2.2-4.8 4.8-4.8 2.7.1 4.8 2.2 4.8 4.8zm11.2-7.4v14.9c0 2.3-1.9 4.3-4.3 4.3h-23.4c-2.4 0-4.3-1.9-4.3-4.3v-15c0-2.3 1.9-4.3 4.3-4.3h3.7l.8-2.3c.4-1.1 1.7-2 2.9-2h8.6c1.2 0 2.5.9 2.9 2l.8 2.4h3.7c2.4 0 4.3 1.9 4.3 4.3zm-8.6 7.5c0-4.1-3.3-7.5-7.5-7.5-4.1 0-7.5 3.4-7.5 7.5s3.3 7.5 7.5 7.5c4.2-.1 7.5-3.4 7.5-7.5z\"><\/path><\/svg><\/span><span style=\"display:inline-block;padding:2px 3px;\">ian dooley<\/span><\/a><\/div>\n<p>[\/et_pb_fullwidth_code][\/et_pb_section][et_pb_section fb_built=\u00bb1&#8243; _builder_version=\u00bb3.22&#8243;][et_pb_row _builder_version=\u00bb3.25&#8243; background_size=\u00bbinitial\u00bb background_position=\u00bbtop_left\u00bb background_repeat=\u00bbrepeat\u00bb column_structure=\u00bb1_2,1_2&#8243;][et_pb_column type=\u00bb1_2&#8243; _builder_version=\u00bb3.25&#8243; custom_padding=\u00bb|||\u00bb custom_padding__hover=\u00bb|||\u00bb][et_pb_blurb use_icon=\u00bbon\u00bb font_icon=\u00bb%%147%%\u00bb icon_color=\u00bb#333333&#8243; icon_placement=\u00bbleft\u00bb use_icon_font_size=\u00bbon\u00bb icon_font_size=\u00bb80px\u00bb admin_label=\u00bbIcono\u00bb _builder_version=\u00bb3.0.92&#8243; animation_style=\u00bbfade\u00bb][\/et_pb_blurb][et_pb_text admin_label=\u00bbTitulo\u00bb _builder_version=\u00bb3.27.4&#8243; header_text_color=\u00bb#000000&#8243; header_font_size=\u00bb40px\u00bb background_position=\u00bbtop_left\u00bb module_alignment=\u00bbleft\u00bb animation_style=\u00bbslide\u00bb animation_direction=\u00bbleft\u00bb animation_delay=\u00bb200ms\u00bb]<\/p>\n<h1 class=\"titulo_uno\">Tu anuncio hoy mismo<\/h1>\n<p>[\/et_pb_text][et_pb_text admin_label=\u00bbDescripcion\u00bb _builder_version=\u00bb3.27.4&#8243; animation_style=\u00bbfade\u00bb animation_delay=\u00bb300ms\u00bb]Si quieres conseguir nuevas visitas a tu sitio web, aumentar las ventas online, hacer que te llamen o motivar a tus clientes para que vuelvan a comprar, ah\u00ed te podemos echar una mano.<br \/>\n[\/et_pb_text][\/et_pb_column][et_pb_column type=\u00bb1_2&#8243; _builder_version=\u00bb3.25&#8243; custom_padding=\u00bb|||\u00bb custom_padding__hover=\u00bb|||\u00bb][et_pb_divider show_divider=\u00bboff\u00bb disabled_on=\u00bbon|on|\u00bb _builder_version=\u00bb3.2&#8243; height=\u00bb80px\u00bb][\/et_pb_divider][et_pb_image src=\u00bbhttps:\/\/beatsign.com\/studio\/works\/wp-content\/uploads\/2017\/12\/adwords_home_hero_1x.png\u00bb align_tablet=\u00bbcenter\u00bb align_last_edited=\u00bbon|desktop\u00bb admin_label=\u00bbImage\u00bb _builder_version=\u00bb3.23&#8243; animation_direction=\u00bbright\u00bb always_center_on_mobile=\u00bbon\u00bb][\/et_pb_image][\/et_pb_column][\/et_pb_row][\/et_pb_section][et_pb_section fb_built=\u00bb1&#8243; _builder_version=\u00bb3.22&#8243; background_color=\u00bb#f5f5f5&#8243; background_image=\u00bbhttps:\/\/beatsign.com\/studio\/works\/wp-content\/uploads\/2014\/04\/animated-tab-bg.png\u00bb custom_margin=\u00bb-110px|||\u00bb custom_padding=\u00bb10px||10px|\u00bb custom_css_main_element=\u00bbz-index:0;\u00bb box_shadow_style=\u00bbpreset3&#8243;][et_pb_row _builder_version=\u00bb3.25&#8243; background_size=\u00bbinitial\u00bb background_position=\u00bbtop_left\u00bb background_repeat=\u00bbrepeat\u00bb column_structure=\u00bb1_2,1_2&#8243;][et_pb_column type=\u00bb1_2&#8243; _builder_version=\u00bb3.25&#8243; custom_padding=\u00bb|||\u00bb custom_padding__hover=\u00bb|||\u00bb][et_pb_text admin_label=\u00bbServicios\u00bb _builder_version=\u00bb3.27.4&#8243; animation_style=\u00bbslide\u00bb animation_direction=\u00bbleft\u00bb animation_delay=\u00bb400ms\u00bb]<\/p>\n<h1>Servicios<\/h1>\n<p>[\/et_pb_text][\/et_pb_column][et_pb_column type=\u00bb1_2&#8243; _builder_version=\u00bb3.25&#8243; custom_padding=\u00bb|||\u00bb custom_padding__hover=\u00bb|||\u00bb][et_pb_text admin_label=\u00bbListado\u00bb _builder_version=\u00bb3.27.4&#8243;]<\/p>\n<ul class=\"points\">\n<li class=\"et-waypoint et_pb_animation_left\">Gesti\u00f3n con Google AdWords<\/li>\n<li class=\"et-waypoint et_pb_animation_left\">B\u00fasqueda de Palabras Claves<\/li>\n<li class=\"et-waypoint et_pb_animation_left\">Optimizaci\u00f3n de Conversiones<\/li>\n<li class=\"et-waypoint et_pb_animation_left\">An\u00e1lisis del Retorno de la Inversi\u00f3n<\/li>\n<\/ul>\n<p>[\/et_pb_text][\/et_pb_column][\/et_pb_row][\/et_pb_section][et_pb_section fb_built=\u00bb1&#8243; _builder_version=\u00bb3.22&#8243;][et_pb_row _builder_version=\u00bb3.25&#8243; background_size=\u00bbinitial\u00bb background_position=\u00bbtop_left\u00bb background_repeat=\u00bbrepeat\u00bb column_structure=\u00bb1_2,1_2&#8243;][et_pb_column type=\u00bb1_2&#8243; _builder_version=\u00bb3.25&#8243; custom_padding=\u00bb|||\u00bb custom_padding__hover=\u00bb|||\u00bb][et_pb_blurb use_icon=\u00bbon\u00bb font_icon=\u00bb%%122%%\u00bb icon_color=\u00bb#333333&#8243; icon_placement=\u00bbleft\u00bb use_icon_font_size=\u00bbon\u00bb icon_font_size=\u00bb80px\u00bb admin_label=\u00bbIcono\u00bb _builder_version=\u00bb3.0.92&#8243; animation_style=\u00bbfade\u00bb][\/et_pb_blurb][et_pb_text admin_label=\u00bbTitulo\u00bb _builder_version=\u00bb3.27.4&#8243; header_text_color=\u00bb#000000&#8243; header_font_size=\u00bb40px\u00bb background_position=\u00bbtop_left\u00bb module_alignment=\u00bbleft\u00bb animation_style=\u00bbslide\u00bb animation_direction=\u00bbleft\u00bb animation_delay=\u00bb200ms\u00bb]<\/p>\n<h1 class=\"titulo_uno\">An\u00fanciate local o globalmente<\/h1>\n<p>[\/et_pb_text][et_pb_text admin_label=\u00bbDescripcion\u00bb _builder_version=\u00bb3.27.4&#8243; animation_style=\u00bbfade\u00bb animation_delay=\u00bb300ms\u00bb]Orienta tus anuncios a los clientes de determinados pa\u00edses, regiones o ciudades. Incluso a los que se encuentren a una distancia determinada de tu empresa o tienda.<br \/>\n[\/et_pb_text][\/et_pb_column][et_pb_column type=\u00bb1_2&#8243; _builder_version=\u00bb3.25&#8243; custom_padding=\u00bb|||\u00bb custom_padding__hover=\u00bb|||\u00bb][et_pb_divider show_divider=\u00bboff\u00bb disabled_on=\u00bbon|on|\u00bb _builder_version=\u00bb3.2&#8243; height=\u00bb80px\u00bb][\/et_pb_divider][et_pb_image src=\u00bbhttps:\/\/beatsign.com\/studio\/works\/wp-content\/uploads\/2017\/12\/small.png\u00bb align_tablet=\u00bbcenter\u00bb align_last_edited=\u00bbon|desktop\u00bb admin_label=\u00bbImage\u00bb _builder_version=\u00bb3.23&#8243; animation_style=\u00bbbounce\u00bb animation_direction=\u00bbbottom\u00bb animation_duration=\u00bb500ms\u00bb animation_delay=\u00bb1000ms\u00bb always_center_on_mobile=\u00bbon\u00bb][\/et_pb_image][\/et_pb_column][\/et_pb_row][\/et_pb_section][et_pb_section fb_built=\u00bb1&#8243; _builder_version=\u00bb3.22&#8243; background_color=\u00bb#f5f5f5&#8243; background_image=\u00bbhttps:\/\/beatsign.com\/studio\/works\/wp-content\/uploads\/2014\/04\/animated-tab-bg.png\u00bb custom_margin=\u00bb-110px|||\u00bb custom_padding=\u00bb10px||10px|\u00bb custom_css_main_element=\u00bbz-index:0;\u00bb box_shadow_style=\u00bbpreset3&#8243;][et_pb_row _builder_version=\u00bb3.25&#8243; background_size=\u00bbinitial\u00bb background_position=\u00bbtop_left\u00bb background_repeat=\u00bbrepeat\u00bb column_structure=\u00bb1_2,1_2&#8243;][et_pb_column type=\u00bb1_2&#8243; _builder_version=\u00bb3.25&#8243; custom_padding=\u00bb|||\u00bb custom_padding__hover=\u00bb|||\u00bb][et_pb_text admin_label=\u00bbServicios\u00bb _builder_version=\u00bb3.27.4&#8243; animation_style=\u00bbslide\u00bb animation_direction=\u00bbleft\u00bb animation_delay=\u00bb400ms\u00bb]<\/p>\n<h1>Servicios<\/h1>\n<p>[\/et_pb_text][\/et_pb_column][et_pb_column type=\u00bb1_2&#8243; _builder_version=\u00bb3.25&#8243; custom_padding=\u00bb|||\u00bb custom_padding__hover=\u00bb|||\u00bb][et_pb_text admin_label=\u00bbListado\u00bb _builder_version=\u00bb3.27.4&#8243;]<\/p>\n<ul class=\"points\">\n<li class=\"et-waypoint et_pb_animation_left\">Publicaci\u00f3n Orientada a un Target<\/li>\n<li class=\"et-waypoint et_pb_animation_left\">Selecci\u00f3n del \u00c1mbito Geogr\u00e1fico<\/li>\n<li class=\"et-waypoint et_pb_animation_left\">Establecimiento de Remarketing<\/li>\n<li class=\"et-waypoint et_pb_animation_left\">Configuraci\u00f3n del Tipo de Anuncio<\/li>\n<\/ul>\n<p>[\/et_pb_text][\/et_pb_column][\/et_pb_row][\/et_pb_section][et_pb_section fb_built=\u00bb1&#8243; _builder_version=\u00bb3.22&#8243; background_image=\u00bbhttps:\/\/beatsign.com\/studio\/works\/wp-content\/uploads\/2017\/12\/adwords-hiw-overview-hero-laptop_1x.png\u00bb background_size=\u00bbcontain\u00bb background_position=\u00bbtop_right\u00bb][et_pb_row _builder_version=\u00bb3.25&#8243; background_size=\u00bbinitial\u00bb background_position=\u00bbtop_left\u00bb background_repeat=\u00bbrepeat\u00bb column_structure=\u00bb1_2,1_2&#8243;][et_pb_column type=\u00bb1_2&#8243; _builder_version=\u00bb3.25&#8243; custom_padding=\u00bb|||\u00bb custom_padding__hover=\u00bb|||\u00bb][et_pb_blurb use_icon=\u00bbon\u00bb font_icon=\u00bb%%104%%\u00bb icon_color=\u00bb#333333&#8243; icon_placement=\u00bbleft\u00bb use_icon_font_size=\u00bbon\u00bb icon_font_size=\u00bb80px\u00bb admin_label=\u00bbIcono\u00bb _builder_version=\u00bb3.0.92&#8243; animation_style=\u00bbfade\u00bb][\/et_pb_blurb][et_pb_text admin_label=\u00bbTitulo\u00bb _builder_version=\u00bb3.27.4&#8243; header_text_color=\u00bb#000000&#8243; header_font_size=\u00bb40px\u00bb background_color=\u00bbrgba(255,255,255,0.5)\u00bb background_position=\u00bbtop_left\u00bb module_alignment=\u00bbleft\u00bb animation_style=\u00bbslide\u00bb animation_direction=\u00bbleft\u00bb animation_delay=\u00bb200ms\u00bb]<\/p>\n<h1 class=\"titulo_uno\">Decide c\u00f3mo quieres llegar a tus clientes<\/h1>\n<p>[\/et_pb_text][et_pb_text admin_label=\u00bbDescripcion\u00bb _builder_version=\u00bb3.27.4&#8243; background_color=\u00bbrgba(255,255,255,0.5)\u00bb animation_style=\u00bbfade\u00bb animation_delay=\u00bb300ms\u00bb]Tienes un mont\u00f3n de formas de llegar a tus clientes objetivo, como los anuncios de b\u00fasqueda basados en texto, los anuncios de display gr\u00e1ficos, los anuncios de v\u00eddeo de YouTube o los anuncios en aplicaciones m\u00f3viles. Te ayudamos a encontrar el mejor camino para anunciarte en Internet.<br \/>\n[\/et_pb_text][\/et_pb_column][et_pb_column type=\u00bb1_2&#8243; _builder_version=\u00bb3.25&#8243; custom_padding=\u00bb|||\u00bb custom_padding__hover=\u00bb|||\u00bb][\/et_pb_column][\/et_pb_row][\/et_pb_section][et_pb_section fb_built=\u00bb1&#8243; _builder_version=\u00bb3.22&#8243; use_background_color_gradient=\u00bbon\u00bb background_color_gradient_start=\u00bb#f9f9f9&#8243; background_color_gradient_end=\u00bb#dddddd\u00bb background_color_gradient_direction=\u00bb39deg\u00bb][et_pb_row _builder_version=\u00bb3.25&#8243;][et_pb_column type=\u00bb4_4&#8243; _builder_version=\u00bb3.25&#8243; custom_padding=\u00bb|||\u00bb custom_padding__hover=\u00bb|||\u00bb][et_pb_text _builder_version=\u00bb3.27.4&#8243; text_orientation=\u00bbcenter\u00bb border_width_bottom=\u00bb1px\u00bb border_color_bottom=\u00bb#bbbbbb\u00bb]<\/p>\n<h1>Descubre nuestros otros servicios<\/h1>\n<p>[\/et_pb_text][\/et_pb_column][\/et_pb_row][et_pb_row _builder_version=\u00bb3.25&#8243; column_structure=\u00bb1_3,1_3,1_3&#8243;][et_pb_column type=\u00bb1_3&#8243; _builder_version=\u00bb3.25&#8243; custom_padding=\u00bb|||\u00bb custom_padding__hover=\u00bb|||\u00bb][et_pb_button button_url=\u00bbhttps:\/\/beatsign.com\/studio\/works\/design\u00bb button_text=\u00bbDise\u00f1o\u00bb button_alignment=\u00bbcenter\u00bb admin_label=\u00bbBot\u00f3n dise\u00f1o\u00bb _builder_version=\u00bb3.16&#8243; custom_button=\u00bbon\u00bb button_text_color=\u00bb#000000&#8243; button_border_width=\u00bb1&#8243; button_border_color=\u00bb#000000&#8243; button_border_radius=\u00bb5&#8243; button_icon=\u00bb%%20%%\u00bb button_border_color_hover=\u00bb#ffffff\u00bb button_border_radius_hover=\u00bb5&#8243; button_bg_color_hover=\u00bb#f5f5f5&#8243; button_text_size__hover_enabled=\u00bboff\u00bb button_one_text_size__hover_enabled=\u00bboff\u00bb button_two_text_size__hover_enabled=\u00bboff\u00bb button_text_color__hover_enabled=\u00bboff\u00bb button_one_text_color__hover_enabled=\u00bboff\u00bb button_two_text_color__hover_enabled=\u00bboff\u00bb button_border_width__hover_enabled=\u00bboff\u00bb button_one_border_width__hover_enabled=\u00bboff\u00bb button_two_border_width__hover_enabled=\u00bboff\u00bb button_border_color__hover_enabled=\u00bbon\u00bb button_border_color__hover=\u00bb#ffffff\u00bb button_one_border_color__hover_enabled=\u00bboff\u00bb button_two_border_color__hover_enabled=\u00bboff\u00bb button_border_radius__hover_enabled=\u00bbon\u00bb button_border_radius__hover=\u00bb5&#8243; button_one_border_radius__hover_enabled=\u00bboff\u00bb button_two_border_radius__hover_enabled=\u00bboff\u00bb button_letter_spacing__hover_enabled=\u00bboff\u00bb button_one_letter_spacing__hover_enabled=\u00bboff\u00bb button_two_letter_spacing__hover_enabled=\u00bboff\u00bb button_bg_color__hover_enabled=\u00bbon\u00bb button_bg_color__hover=\u00bb#f5f5f5&#8243; button_one_bg_color__hover_enabled=\u00bboff\u00bb button_two_bg_color__hover_enabled=\u00bboff\u00bb][\/et_pb_button][et_pb_text _builder_version=\u00bb3.27.4&#8243; text_font=\u00bb||on||||||\u00bb text_font_size=\u00bb12px\u00bb text_line_height=\u00bb1em\u00bb text_orientation=\u00bbcenter\u00bb]\u00bfNecesitas un logo, web o grafismo?<br \/>\n[\/et_pb_text][\/et_pb_column][et_pb_column type=\u00bb1_3&#8243; _builder_version=\u00bb3.25&#8243; custom_padding=\u00bb|||\u00bb custom_padding__hover=\u00bb|||\u00bb][et_pb_button button_url=\u00bbhttps:\/\/beatsign.com\/studio\/works\/comunicacion\u00bb button_text=\u00bbComunicaci\u00f3n\u00bb button_alignment=\u00bbcenter\u00bb admin_label=\u00bbBot\u00f3n comunicaci\u00f3n\u00bb _builder_version=\u00bb3.16&#8243; custom_button=\u00bbon\u00bb button_text_color=\u00bb#000000&#8243; button_border_width=\u00bb1&#8243; button_border_color=\u00bb#000000&#8243; button_border_radius=\u00bb5&#8243; button_icon=\u00bb%%20%%\u00bb button_border_color_hover=\u00bb#ffffff\u00bb button_border_radius_hover=\u00bb5&#8243; button_bg_color_hover=\u00bb#f5f5f5&#8243; button_text_size__hover_enabled=\u00bboff\u00bb button_one_text_size__hover_enabled=\u00bboff\u00bb button_two_text_size__hover_enabled=\u00bboff\u00bb button_text_color__hover_enabled=\u00bboff\u00bb button_one_text_color__hover_enabled=\u00bboff\u00bb button_two_text_color__hover_enabled=\u00bboff\u00bb button_border_width__hover_enabled=\u00bboff\u00bb button_one_border_width__hover_enabled=\u00bboff\u00bb button_two_border_width__hover_enabled=\u00bboff\u00bb button_border_color__hover_enabled=\u00bbon\u00bb button_border_color__hover=\u00bb#ffffff\u00bb button_one_border_color__hover_enabled=\u00bboff\u00bb button_two_border_color__hover_enabled=\u00bboff\u00bb button_border_radius__hover_enabled=\u00bbon\u00bb button_border_radius__hover=\u00bb5&#8243; button_one_border_radius__hover_enabled=\u00bboff\u00bb button_two_border_radius__hover_enabled=\u00bboff\u00bb button_letter_spacing__hover_enabled=\u00bboff\u00bb button_one_letter_spacing__hover_enabled=\u00bboff\u00bb button_two_letter_spacing__hover_enabled=\u00bboff\u00bb button_bg_color__hover_enabled=\u00bbon\u00bb button_bg_color__hover=\u00bb#f5f5f5&#8243; button_one_bg_color__hover_enabled=\u00bboff\u00bb button_two_bg_color__hover_enabled=\u00bboff\u00bb][\/et_pb_button][et_pb_text _builder_version=\u00bb3.27.4&#8243; text_font=\u00bb||on||||||\u00bb text_font_size=\u00bb12px\u00bb text_line_height=\u00bb1em\u00bb text_orientation=\u00bbcenter\u00bb]\u00bfGestionamos tus relaciones con los medios y tus clientes?<br \/>\n[\/et_pb_text][\/et_pb_column][et_pb_column type=\u00bb1_3&#8243; _builder_version=\u00bb3.25&#8243; custom_padding=\u00bb|||\u00bb custom_padding__hover=\u00bb|||\u00bb][et_pb_button button_url=\u00bbhttps:\/\/beatsign.com\/studio\/works\/marcas\u00bb button_text=\u00bbBranding\u00bb button_alignment=\u00bbcenter\u00bb admin_label=\u00bbBot\u00f3n marcas\u00bb _builder_version=\u00bb3.16&#8243; custom_button=\u00bbon\u00bb button_text_color=\u00bb#000000&#8243; button_border_width=\u00bb1&#8243; button_border_color=\u00bb#000000&#8243; button_border_radius=\u00bb5&#8243; button_icon=\u00bb%%20%%\u00bb button_border_color_hover=\u00bb#ffffff\u00bb button_border_radius_hover=\u00bb5&#8243; button_bg_color_hover=\u00bb#f5f5f5&#8243; button_text_size__hover_enabled=\u00bboff\u00bb button_one_text_size__hover_enabled=\u00bboff\u00bb button_two_text_size__hover_enabled=\u00bboff\u00bb button_text_color__hover_enabled=\u00bboff\u00bb button_one_text_color__hover_enabled=\u00bboff\u00bb button_two_text_color__hover_enabled=\u00bboff\u00bb button_border_width__hover_enabled=\u00bboff\u00bb button_one_border_width__hover_enabled=\u00bboff\u00bb button_two_border_width__hover_enabled=\u00bboff\u00bb button_border_color__hover_enabled=\u00bbon\u00bb button_border_color__hover=\u00bb#ffffff\u00bb button_one_border_color__hover_enabled=\u00bboff\u00bb button_two_border_color__hover_enabled=\u00bboff\u00bb button_border_radius__hover_enabled=\u00bbon\u00bb button_border_radius__hover=\u00bb5&#8243; button_one_border_radius__hover_enabled=\u00bboff\u00bb button_two_border_radius__hover_enabled=\u00bboff\u00bb button_letter_spacing__hover_enabled=\u00bboff\u00bb button_one_letter_spacing__hover_enabled=\u00bboff\u00bb button_two_letter_spacing__hover_enabled=\u00bboff\u00bb button_bg_color__hover_enabled=\u00bbon\u00bb button_bg_color__hover=\u00bb#f5f5f5&#8243; button_one_bg_color__hover_enabled=\u00bboff\u00bb button_two_bg_color__hover_enabled=\u00bboff\u00bb][\/et_pb_button][et_pb_text _builder_version=\u00bb3.27.4&#8243; text_font=\u00bb||on||||||\u00bb text_font_size=\u00bb12px\u00bb text_line_height=\u00bb1em\u00bb text_orientation=\u00bbcenter\u00bb]\u00bfMejoramos tu identidad corporativa?<br \/>\n[\/et_pb_text][\/et_pb_column][\/et_pb_row][\/et_pb_section][et_pb_section fb_built=\u00bb1&#8243; _builder_version=\u00bb3.0.92&#8243; background_image=\u00bbhttps:\/\/beatsign.com\/studio\/works\/wp-content\/uploads\/2017\/12\/bg-bajaresolucion.jpg\u00bb parallax=\u00bbon\u00bb border_width_top=\u00bb4px\u00bb border_color_top=\u00bb#dbdbdb\u00bb global_module=\u00bb4804&#8243;][et_pb_row _builder_version=\u00bb3.25&#8243;][et_pb_column type=\u00bb4_4&#8243; _builder_version=\u00bb3.25&#8243; custom_padding=\u00bb|||\u00bb custom_padding__hover=\u00bb|||\u00bb][et_pb_cta title=\u00bb\u00bfTe gusta lo que has visto?\u00bb button_url=\u00bbhttps:\/\/beatsign.com\/studio\/works\/contacta\/\u00bb button_text=\u00bbComienza tu proyecto con nosotros ahora\u00bb admin_label=\u00bbComienza tu proyecto\u00bb _builder_version=\u00bb4.4.9&#8243; background_color=\u00bbrgba(0,0,0,0.5)\u00bb use_background_color_gradient=\u00bbon\u00bb background_color_gradient_start=\u00bbrgba(73,51,117,0.6)\u00bb background_color_gradient_end=\u00bbrgba(238,1,87,0.6)\u00bb background_color_gradient_direction=\u00bb41deg\u00bb custom_button=\u00bbon\u00bb button_font=\u00bb|||on|||||\u00bb button_icon=\u00bb%%20%%\u00bb custom_margin=\u00bb40px|100px|40px|100px\u00bb custom_margin_tablet=\u00bb40px|40px|40px|40px\u00bb custom_margin_phone=\u00bb0px|0px|0px|0px\u00bb custom_margin_last_edited=\u00bbon|desktop\u00bb animation_style=\u00bbflip\u00bb animation_direction=\u00bbbottom\u00bb animation_delay=\u00bb300ms\u00bb hover_enabled=\u00bb0&#8243; header_text_shadow_style=\u00bbpreset3&#8243; border_radii=\u00bbon|10px|10px|10px|10px\u00bb button_text_shadow_style=\u00bbpreset3&#8243; box_shadow_style=\u00bbpreset1&#8243; box_shadow_style_button=\u00bbpreset1&#8243; button_bg_color_hover=\u00bbrgba(255,255,255,0.35)\u00bb button_text_size__hover_enabled=\u00bboff\u00bb button_text_size__hover=\u00bbnull\u00bb button_one_text_size__hover_enabled=\u00bboff\u00bb button_one_text_size__hover=\u00bbnull\u00bb button_two_text_size__hover_enabled=\u00bboff\u00bb button_two_text_size__hover=\u00bbnull\u00bb button_text_color__hover_enabled=\u00bboff\u00bb button_text_color__hover=\u00bbnull\u00bb button_one_text_color__hover_enabled=\u00bboff\u00bb button_one_text_color__hover=\u00bbnull\u00bb button_two_text_color__hover_enabled=\u00bboff\u00bb button_two_text_color__hover=\u00bbnull\u00bb button_border_width__hover_enabled=\u00bboff\u00bb button_border_width__hover=\u00bbnull\u00bb button_one_border_width__hover_enabled=\u00bboff\u00bb button_one_border_width__hover=\u00bbnull\u00bb button_two_border_width__hover_enabled=\u00bboff\u00bb button_two_border_width__hover=\u00bbnull\u00bb button_border_color__hover_enabled=\u00bboff\u00bb button_border_color__hover=\u00bbnull\u00bb button_one_border_color__hover_enabled=\u00bboff\u00bb button_one_border_color__hover=\u00bbnull\u00bb button_two_border_color__hover_enabled=\u00bboff\u00bb button_two_border_color__hover=\u00bbnull\u00bb button_border_radius__hover_enabled=\u00bboff\u00bb button_border_radius__hover=\u00bbnull\u00bb button_one_border_radius__hover_enabled=\u00bboff\u00bb button_one_border_radius__hover=\u00bbnull\u00bb button_two_border_radius__hover_enabled=\u00bboff\u00bb button_two_border_radius__hover=\u00bbnull\u00bb button_letter_spacing__hover_enabled=\u00bboff\u00bb button_letter_spacing__hover=\u00bbnull\u00bb button_one_letter_spacing__hover_enabled=\u00bboff\u00bb button_one_letter_spacing__hover=\u00bbnull\u00bb button_two_letter_spacing__hover_enabled=\u00bboff\u00bb button_two_letter_spacing__hover=\u00bbnull\u00bb button_bg_color__hover_enabled=\u00bbon\u00bb button_bg_color__hover=\u00bbrgba(255,255,255,0.35)\u00bb button_one_bg_color__hover_enabled=\u00bboff\u00bb button_one_bg_color__hover=\u00bbnull\u00bb button_two_bg_color__hover_enabled=\u00bboff\u00bb button_two_bg_color__hover=\u00bbnull\u00bb][\/et_pb_cta][\/et_pb_column][\/et_pb_row][\/et_pb_section]<\/p>\n","protected":false},"excerpt":{"rendered":"<p>Beatsign es un estudio de dise\u00f1o ubicado en Sevilla, Espa\u00f1a. Somos creativos de comunicaci\u00f3n especializados en dise\u00f1o gr\u00e1fico, branding, comunicaci\u00f3n corporativa, dise\u00f1o web, web e-commerce, dise\u00f1o editorial, ilustraci\u00f3n.<\/p>\n","protected":false},"author":1,"featured_media":3466,"parent":0,"menu_order":0,"comment_status":"closed","ping_status":"closed","template":"","meta":{"_et_pb_use_builder":"on","_et_pb_old_content":"","_et_gb_content_width":""},"_links":{"self":[{"href":"https:\/\/beatsign.com\/studio\/works\/wp-json\/wp\/v2\/pages\/4849"}],"collection":[{"href":"https:\/\/beatsign.com\/studio\/works\/wp-json\/wp\/v2\/pages"}],"about":[{"href":"https:\/\/beatsign.com\/studio\/works\/wp-json\/wp\/v2\/types\/page"}],"author":[{"embeddable":true,"href":"https:\/\/beatsign.com\/studio\/works\/wp-json\/wp\/v2\/users\/1"}],"replies":[{"embeddable":true,"href":"https:\/\/beatsign.com\/studio\/works\/wp-json\/wp\/v2\/comments?post=4849"}],"version-history":[{"count":1,"href":"https:\/\/beatsign.com\/studio\/works\/wp-json\/wp\/v2\/pages\/4849\/revisions"}],"predecessor-version":[{"id":206185,"href":"https:\/\/beatsign.com\/studio\/works\/wp-json\/wp\/v2\/pages\/4849\/revisions\/206185"}],"wp:featuredmedia":[{"embeddable":true,"href":"https:\/\/beatsign.com\/studio\/works\/wp-json\/wp\/v2\/media\/3466"}],"wp:attachment":[{"href":"https:\/\/beatsign.com\/studio\/works\/wp-json\/wp\/v2\/media?parent=4849"}],"curies":[{"name":"wp","href":"https:\/\/api.w.org\/{rel}","templated":true}]}}