{"id":1919,"date":"2014-06-14T13:16:59","date_gmt":"2014-06-14T13:16:59","guid":{"rendered":"http:\/\/patricia.kwayyinfotech.com\/?page_id=1919"},"modified":"2023-11-17T14:38:29","modified_gmt":"2023-11-17T13:38:29","slug":"condiciones-uso","status":"publish","type":"page","link":"https:\/\/beatsign.com\/studio\/works\/condiciones-uso\/","title":{"rendered":"Condiciones de Uso"},"content":{"rendered":"<p>[et_pb_section fb_built=\u00bb1&#8243; fullwidth=\u00bbon\u00bb _builder_version=\u00bb3.22&#8243; background_image=\u00bbhttps:\/\/beatsign.com\/studio\/works\/wp-content\/uploads\/2014\/06\/cima.jpg\u00bb][et_pb_fullwidth_menu menu_id=\u00bb164&#8243; submenu_direction=\u00bbdownwards\u00bb fullwidth_menu=\u00bboff\u00bb disabled_on=\u00bbon|on|\u00bb _builder_version=\u00bb3.3.1&#8243; menu_font=\u00bb|||on|||||\u00bb background_color=\u00bbrgba(255,255,255,0)\u00bb text_orientation=\u00bbright\u00bb][\/et_pb_fullwidth_menu][et_pb_fullwidth_image src=\u00bbhttps:\/\/beatsign.com\/studio\/works\/wp-content\/uploads\/2017\/12\/Logo-white.png\u00bb disabled_on=\u00bbon|on|off\u00bb _builder_version=\u00bb3.3.1&#8243; max_width=\u00bb15%\u00bb custom_margin=\u00bb-60px|||5%\u00bb animation_style=\u00bbfade\u00bb animation_delay=\u00bb300ms\u00bb][\/et_pb_fullwidth_image][et_pb_fullwidth_header title=\u00bbAqu\u00ed, claritas, nuestra Condiciones de Uso\u00bb subhead=\u00bbPara que las leas con cari\u00f1o\u00bb background_overlay_color=\u00bbrgba(0,0,0,0.41)\u00bb disabled_on=\u00bboff|off|\u00bb _builder_version=\u00bb4.4.9&#8243; background_color=\u00bbrgba(0,0,0,0)\u00bb custom_margin=\u00bb100px|5%|-20px|50%\u00bb custom_margin_tablet=\u00bb0px|0px|0px|0px\u00bb custom_margin_phone=\u00bb\u00bb custom_margin_last_edited=\u00bbon|phone\u00bb button_one_text_size__hover_enabled=\u00bboff\u00bb button_two_text_size__hover_enabled=\u00bboff\u00bb button_one_text_color__hover_enabled=\u00bboff\u00bb button_two_text_color__hover_enabled=\u00bboff\u00bb button_one_border_width__hover_enabled=\u00bboff\u00bb button_two_border_width__hover_enabled=\u00bboff\u00bb button_one_border_color__hover_enabled=\u00bboff\u00bb button_two_border_color__hover_enabled=\u00bboff\u00bb button_one_border_radius__hover_enabled=\u00bboff\u00bb button_two_border_radius__hover_enabled=\u00bboff\u00bb button_one_letter_spacing__hover_enabled=\u00bboff\u00bb button_two_letter_spacing__hover_enabled=\u00bboff\u00bb button_one_bg_color__hover_enabled=\u00bboff\u00bb button_two_bg_color__hover_enabled=\u00bboff\u00bb][\/et_pb_fullwidth_header][\/et_pb_section][et_pb_section fb_built=\u00bb1&#8243; _builder_version=\u00bb3.22&#8243;][et_pb_row _builder_version=\u00bb3.25&#8243; background_size=\u00bbinitial\u00bb background_position=\u00bbtop_left\u00bb background_repeat=\u00bbrepeat\u00bb][et_pb_column type=\u00bb4_4&#8243; _builder_version=\u00bb3.25&#8243; custom_padding=\u00bb|||\u00bb custom_padding__hover=\u00bb|||\u00bb][et_pb_text _builder_version=\u00bb3.27.4&#8243; background_size=\u00bbinitial\u00bb background_position=\u00bbtop_left\u00bb background_repeat=\u00bbrepeat\u00bb]<\/p>\n<h3>A continuaci\u00f3n mostramos los t\u00e9rminos del acuerdo legal que se establece entre nuestros Clientes y Beatsign Studio para el uso del Portal de Clientes de Beatsign Studio.<\/h3>\n<p>Al acceder, navegar o utilizar este sitio Web, el Cliente reconoce que ha le\u00eddo, comprendido, y manifiesta su acuerdo en estar vinculado a estos t\u00e9rminos y cumplir todas las normas y leyes aplicables, incluyendo las normas y leyes de control de exportaci\u00f3n y re-exportaci\u00f3n. Si el Cliente no acepta estos t\u00e9rminos, no debe utilizar este sitio Web.<\/p>\n<p>Beatsign Studio\u00a0puede, sin previo aviso al Cliente, revisar de vez en cuando estas Condiciones de uso y cualquier otra informaci\u00f3n contenida en este sitio Web y actualizarla.\u00a0Beatsign Studio puede efectuar tambi\u00e9n mejoras o cambios en los productos, servicios o programas descritos en este sitio sin previo aviso.<\/p>\n<h3>General<\/h3>\n<p>Este sitio Web puede contener avisos sobre productos propios e informaci\u00f3n de copyright, cuyos t\u00e9rminos deben observarse y seguirse.<\/p>\n<p>Este sitio y todo su contenido no se pueden copiar, reproducir, republicar, subir, publicar, transmitir, distribuir ni utilizar para la creaci\u00f3n de trabajos derivados sin el consentimiento previo por escrito de Beatsign Studio, con la excepci\u00f3n de que\u00a0Beatsign Studio otorga al Cliente un permiso no exclusivo, no transferible y limitado para acceder y mostrar las p\u00e1ginas Web de este sitio, \u00fanicamente en su sistema y para su uso por parte de su personal, no para su uso comercial. Este permiso est\u00e1 condicionado al cumplimiento por parte del Cliente de no modificar el contenido aqu\u00ed mostrado, de mantener intactos todos los avisos de copyright, marcas registradas y otros avisos de propiedad y de cumplir con los t\u00e9rminos, condiciones y avisos que acompa\u00f1an el contenido de este sitio o que est\u00e9n aqu\u00ed establecidos. No obstante, cualquier software u otro material que est\u00e9 disponible para su descarga, acceso u otro uso desde este sitio con sus propios t\u00e9rminos de licencia, condiciones y avisos se regir\u00e1n por dichos t\u00e9rminos, condiciones y avisos.<\/p>\n<p>Si el Cliente no cumple con los t\u00e9rminos, condiciones y avisos de este sitio, quedar\u00e1n autom\u00e1ticamente cancelados todos los derechos otorgados al Cliente, sin previo aviso, y el Cliente deber\u00e1 destruir inmediatamente todas las copias del material descargado que est\u00e9n en su posesi\u00f3n o bajo su control. Con la excepci\u00f3n del permiso limitado del p\u00e1rrafo anterior,\u00a0Beatsign Studio no otorga al Cliente ning\u00fan derecho ni licencia, expl\u00edcitos ni impl\u00edcitos, sobre ninguna patente, marca registrada, copyright u otros derechos de propiedad intelectual. El Cliente no puede duplicar ninguna parte del contenido de este sitio en otro sitio Web ni en ning\u00fan otro soporte.<\/p>\n<h3>Exclusi\u00f3n de responsabilidades<\/h3>\n<p>Beatsign Studio\u00a0no garantiza que la informaci\u00f3n de este sitio Web sea correcta, est\u00e9 actualizada ni sea completa, y este sitio puede contener imprecisiones t\u00e9cnicas o errores tipogr\u00e1ficos.\u00a0Beatsign Studio no asume ninguna responsabilidad (y rechaza expresamente cualquier responsabilidad) sobre la actualizaci\u00f3n de este sitio para mantener la informaci\u00f3n actualizada ni garantiza que la informaci\u00f3n publicada sea precisa ni completa. Por lo tanto, el Cliente debe confirmar que la informaci\u00f3n publicada sea precisa y completa antes de tomar ninguna decisi\u00f3n relacionada con cualquier servicio, producto o tema descrito en este sitio.<\/p>\n<p>Beatsign Studio\u00a0no garantiza que vaya a resolver los problemas notificados, aunque proporcione informaci\u00f3n con el objetivo de solucionar un problema.<\/p>\n<h3>Informaci\u00f3n confidencial<\/h3>\n<p>Beatsign Studio puede recibir informaci\u00f3n confidencial propiedad del Cliente a trav\u00e9s de nuestro sitio Web. Por favor, tenga en cuenta que cualquier informaci\u00f3n o material enviado a\u00a0Beatsign Studio se considerar\u00e1 como confidencial. Mediante el env\u00edo a\u00a0Beatsign Studio de cualquier informaci\u00f3n o material, el Cliente otorga a\u00a0Beatsign Studio una licencia restringida y revocable para crear trabajos derivados a partir del mismo, y utilizar libremente del modo conveniente dicha informaci\u00f3n o material. No obstante, no publicaremos su nombre ni de otro modo haremos p\u00fablico el hecho de que nos remiti\u00f3 materiales u otra informaci\u00f3n a menos que: (a) obtengamos su permiso para utilizar su nombre; o (b) le notifiquemos antes que los materiales u otra informaci\u00f3n que remita a una parte espec\u00edfica de este sitio se publicar\u00e1n o utilizar\u00e1n de otro modo indicando en ella su nombre; o (c) la ley nos obligue a hacerlo as\u00ed. La informaci\u00f3n de identificaci\u00f3n personal que env\u00ede a\u00a0Beatsign Studio con el fin de recibir productos o servicios se gestionar\u00e1 de acuerdo con nuestras pol\u00edticas de privacidad. Consulte la pesta\u00f1a \u00abPrivacidad\u00bb para ver informaci\u00f3n sobre las pol\u00edticas de privacidad de Beatsign Studio.<\/p>\n<h3>Relaciones comerciales<\/h3>\n<p>Este sitio Web puede contener enlaces o referencias a sitios Web y recursos que no sean de Beatsign Studio.\u00a0Beatsign Studio no efect\u00faa declaraci\u00f3n, aseveraci\u00f3n o afirmaci\u00f3n alguna sobre ning\u00fan sitio Web que no sea de\u00a0Beatsign Studio ni sobre recursos de terceros a los que el Cliente pueda acceder a trav\u00e9s de nuestro sitio Web. Un enlace con un sitio Web que no sea de\u00a0Beatsign Studio no significa que\u00a0Beatsign Studio recomiende el contenido o uso de dicho sitio Web o de su propietario. Adem\u00e1s,\u00a0Beatsign Studio no es part\u00edcipe ni responsable de ninguna transacci\u00f3n que pueda realizar con terceros, aunque el Cliente conozca a dichos terceros (o utilice su enlace) a trav\u00e9s de un sitio de Beatsign Studio. Por lo tanto, el Cliente reconoce y acepta que\u00a0Beatsign Studio no es responsable de la disponibilidad de dichos sitios o recursos externos ni es responsable de ning\u00fan contenido, servicio, producto u otro material que pueda encontrar en dichos sitios o recursos.<\/p>\n<p>Cuando acceda a un sitio Web que no sea de Beatsign Studio, incluso uno que pueda contener el logotipo de Beatsign Studio, por favor, comprenda que dicho sitio es independiente de\u00a0Beatsign Studio y que\u00a0Beatsign Studio no tiene ning\u00fan control sobre el contenido de dicho sitio Web. Depende del Cliente tomar precauciones para protegerse frente a virus, gusanos, troyanos y otros elementos de naturaleza destructiva y de proteger su informaci\u00f3n seg\u00fan considere oportuno.<\/p>\n<h3>LIMITACI\u00d3N DE GARANT\u00cdA<\/h3>\n<p>UTILICE ESTE SITIO BAJO SU CUENTA Y RIESGO. TODO EL MATERIAL, INFORMACI\u00d3N, PRODUCTOS, SOFTWARE, PROGRAMAS Y SERVICIOS SE PROPORCIONAN \u00abTAL CUAL\u00bb, SIN GARANT\u00cdAS DE NING\u00daN TIPO.\u00a0BEATSIGN STUDIO RECHAZA, HASTA EL L\u00cdMITE PERMITIDO POR LEY, CUALQUIER GARANT\u00cdA O REPRESENTACI\u00d3N EXPL\u00cdCITA, IMPL\u00cdCITA, ESTATUTARIA Y CUALQUIER OTRA GARANT\u00cdA, INCLUIDAS, AUNQUE SIN LIMITARSE A LAS MISMAS, LAS GARANT\u00cdAS IMPL\u00cdCITAS DE COMERCIALIZACI\u00d3N, ADECUACI\u00d3N PARA UN PROP\u00d3SITO PARTICULAR Y DE NO INFRACCI\u00d3N DE DERECHOS DE PROPIEDAD Y DE PROPIEDAD INTELECTUAL. SIN LIMITACI\u00d3N, BEATSIGN STUDIO NO GARANTIZA QUE ESTE SITIO WEB FUNCIONE DE FORMA ININTERRUMPIDA, PUNTUAL, SEGURA Y LIBRE DE ERRORES.<\/p>\n<p>EL CLIENTE COMPRENDE Y ACEPTA QUE, SI DESCARGA U OBTIENE DE CUALQUIER OTRO MODO MATERIAL, INFORMACI\u00d3N, PRODUCTOS, SOFTWARE, PROGRAMAS O SERVICIOS, LO HACE BAJO SU CUENTA Y RIESGO Y ES EL \u00daNICO RESPONSABLE DE CUALQUIER DA\u00d1O QUE PUEDA RESULTAR, INCLUIDOS LA P\u00c9RDIDA DE DATOS Y LOS DA\u00d1OS EN EL SISTEMA.<\/p>\n<p>ALGUNAS JURISDICCIONES NO PERMITEN LA EXCLUSI\u00d3N DE GARANT\u00cdAS, POR LO QUE ES POSIBLE QUE LAS EXCLUSIONES ANTERIORES NO SE APLIQUEN EN SU CASO.<\/p>\n<h3>LIMITACI\u00d3N DE RESPONSABILIDAD<\/h3>\n<p>EN NING\u00daN CASO SER\u00c1 BEATSIGN STUDIO RESPONSABLE ANTE NINGUNA PARTE POR CUALQUIER DA\u00d1O DIRECTO, INDIRECTO, ESPECIAL O DERIVADO RELACIONADO CON ESTE SITIO WEB O CON EL USO DE ESTE SITIO WEB O DE CUALQUIER SITIO O RECURSO ENLAZADO A ESTE SITIO WEB O AL QUE SE HAGA REFERENCIA O SE ACCEDA A TRAV\u00c9S DEL MISMO, NI DEL USO, DESCARGA NI ACCESO A NING\u00daN MATERIAL, INFORMACI\u00d3N, PRODUCTOS O SERVICIOS, INCLUIDOS, AUNQUE SIN LIMITARSE A LOS MISMOS, CUALQUIER P\u00c9RDIDA DE BENEFICIOS, INTERRUPCI\u00d3N DE NEGOCIO, P\u00c9RDIDA DE INGRESOS, P\u00c9RDIDA DE PROGRAMAS O DE OTROS DATOS, INCLUSO SI SE NOS AVISA EXPRESAMENTE DE LA POSIBILIDAD DE DICHOS DA\u00d1OS. ESTA EXCLUSI\u00d3N Y EXENCI\u00d3N DE RESPONSABILIDAD SE APLICA A TODAS LAS CAUSAS DE ACCI\u00d3N, BASADAS EN CONTRATO, GARANT\u00cdA, RESPONSABILIDAD EXTRACONTRACTUAL O CUALQUIER OTRA FIGURA LEGAL.<\/p>\n<p>[\/et_pb_text][\/et_pb_column][\/et_pb_row][\/et_pb_section][et_pb_section fb_built=\u00bb1&#8243; _builder_version=\u00bb3.22&#8243; background_image=\u00bbhttps:\/\/beatsign.com\/studio\/works\/wp-content\/uploads\/2017\/12\/bg-bajaresolucion.jpg\u00bb parallax=\u00bbon\u00bb border_width_top=\u00bb4px\u00bb border_color_top=\u00bb#dbdbdb\u00bb][et_pb_row _builder_version=\u00bb3.25&#8243;][et_pb_column type=\u00bb4_4&#8243; _builder_version=\u00bb3.25&#8243; custom_padding=\u00bb|||\u00bb custom_padding__hover=\u00bb|||\u00bb][et_pb_cta title=\u00bb\u00bfTienes un proyecto en mente?\u00bb button_url=\u00bbhttps:\/\/beatsign.com\/studio\/works\/contacta\/\u00bb button_text=\u00bbComi\u00e9nzalo con nosotros ahora\u00bb admin_label=\u00bbComienza tu proyecto\u00bb _builder_version=\u00bb4.4.9&#8243; background_color=\u00bbrgba(0,0,0,0.5)\u00bb use_background_color_gradient=\u00bbon\u00bb background_color_gradient_start=\u00bbrgba(73,51,117,0.6)\u00bb background_color_gradient_end=\u00bbrgba(238,1,87,0.6)\u00bb background_color_gradient_direction=\u00bb41deg\u00bb custom_button=\u00bbon\u00bb button_font=\u00bb|||on|||||\u00bb button_icon=\u00bb%%20%%\u00bb custom_margin=\u00bb40px|100px|40px|100px\u00bb custom_margin_tablet=\u00bb40px|40px|40px|40px\u00bb custom_margin_phone=\u00bb0px|0px|0px|0px\u00bb custom_margin_last_edited=\u00bbon|desktop\u00bb animation_style=\u00bbfade\u00bb animation_direction=\u00bbbottom\u00bb animation_delay=\u00bb300ms\u00bb hover_enabled=\u00bb0&#8243; header_text_shadow_style=\u00bbpreset3&#8243; border_radii=\u00bbon|10px|10px|10px|10px\u00bb button_text_shadow_style=\u00bbpreset3&#8243; box_shadow_style=\u00bbpreset1&#8243; box_shadow_style_button=\u00bbpreset1&#8243; button_bg_color_hover=\u00bbrgba(255,255,255,0.35)\u00bb button_text_size__hover_enabled=\u00bboff\u00bb button_one_text_size__hover_enabled=\u00bboff\u00bb button_two_text_size__hover_enabled=\u00bboff\u00bb button_text_color__hover_enabled=\u00bboff\u00bb button_one_text_color__hover_enabled=\u00bboff\u00bb button_two_text_color__hover_enabled=\u00bboff\u00bb button_border_width__hover_enabled=\u00bboff\u00bb button_one_border_width__hover_enabled=\u00bboff\u00bb button_two_border_width__hover_enabled=\u00bboff\u00bb button_border_color__hover_enabled=\u00bboff\u00bb button_one_border_color__hover_enabled=\u00bboff\u00bb button_two_border_color__hover_enabled=\u00bboff\u00bb button_border_radius__hover_enabled=\u00bboff\u00bb button_one_border_radius__hover_enabled=\u00bboff\u00bb button_two_border_radius__hover_enabled=\u00bboff\u00bb button_letter_spacing__hover_enabled=\u00bboff\u00bb button_one_letter_spacing__hover_enabled=\u00bboff\u00bb button_two_letter_spacing__hover_enabled=\u00bboff\u00bb button_bg_color__hover_enabled=\u00bbon\u00bb button_bg_color__hover=\u00bbrgba(255,255,255,0.35)\u00bb button_one_bg_color__hover_enabled=\u00bboff\u00bb button_two_bg_color__hover_enabled=\u00bboff\u00bb][\/et_pb_cta][\/et_pb_column][\/et_pb_row][\/et_pb_section]<\/p>\n","protected":false},"excerpt":{"rendered":"<p>A continuaci\u00f3n mostramos los t\u00e9rminos del acuerdo legal que se establece entre nuestros Clientes y Beatsign Studio para el uso del Portal de Clientes de Beatsign Studio. Al acceder, navegar o utilizar este sitio Web, el Cliente reconoce que ha le\u00eddo, comprendido, y manifiesta su acuerdo en estar vinculado a estos t\u00e9rminos y cumplir todas [&hellip;]<\/p>\n","protected":false},"author":1,"featured_media":0,"parent":0,"menu_order":28,"comment_status":"closed","ping_status":"closed","template":"","meta":{"_et_pb_use_builder":"on","_et_pb_old_content":"<p>A continuaci\u00f3n aparecen los t\u00e9rminos del acuerdo legal que se establece entre el Cliente y Beatsign Studio. Al acceder, navegar o utilizar este sitio Web, el Cliente reconoce que ha le\u00eddo, comprendido, y manifiesta su acuerdo en estar vinculado a estos t\u00e9rminos y cumplir todas las normas y leyes aplicables, incluyendo las normas y leyes de control de exportaci\u00f3n y re-exportaci\u00f3n. Si el Cliente no acepta estos t\u00e9rminos, no debe utilizar este sitio Web.<\/p><p>Beatsign Studio\u00a0puede, sin previo aviso al Cliente, revisar de vez en cuando estas Condiciones de uso y cualquier otra informaci\u00f3n contenida en este sitio Web y actualizarla.\u00a0Beatsign Studio puede efectuar tambi\u00e9n mejoras o cambios en los productos, servicios o programas descritos en este sitio sin previo aviso.<\/p><h3>General<\/h3><p>Este sitio Web puede contener avisos sobre productos propios e informaci\u00f3n de copyright, cuyos t\u00e9rminos deben observarse y seguirse.<\/p><p>Este sitio y todo su contenido no se pueden copiar, reproducir, republicar, subir, publicar, transmitir, distribuir ni utilizar para la creaci\u00f3n de trabajos derivados sin el consentimiento previo por escrito de Beatsign Studio, con la excepci\u00f3n de que\u00a0Beatsign Studio otorga al Cliente un permiso no exclusivo, no transferible y limitado para acceder y mostrar las p\u00e1ginas Web de este sitio, \u00fanicamente en su sistema y para su uso por parte de su personal, no para su uso comercial. Este permiso est\u00e1 condicionado al cumplimiento por parte del Cliente de no modificar el contenido aqu\u00ed mostrado, de mantener intactos todos los avisos de copyright, marcas registradas y otros avisos de propiedad y de cumplir con los t\u00e9rminos, condiciones y avisos que acompa\u00f1an el contenido de este sitio o que est\u00e9n aqu\u00ed establecidos. No obstante, cualquier software u otro material que est\u00e9 disponible para su descarga, acceso u otro uso desde este sitio con sus propios t\u00e9rminos de licencia, condiciones y avisos se regir\u00e1n por dichos t\u00e9rminos, condiciones y avisos.<\/p><p>Si el Cliente no cumple con los t\u00e9rminos, condiciones y avisos de este sitio, quedar\u00e1n autom\u00e1ticamente cancelados todos los derechos otorgados al Cliente, sin previo aviso, y el Cliente deber\u00e1 destruir inmediatamente todas las copias del material descargado que est\u00e9n en su posesi\u00f3n o bajo su control. Con la excepci\u00f3n del permiso limitado del p\u00e1rrafo anterior,\u00a0Beatsign Studio no otorga al Cliente ning\u00fan derecho ni licencia, expl\u00edcitos ni impl\u00edcitos, sobre ninguna patente, marca registrada, copyright u otros derechos de propiedad intelectual. El Cliente no puede duplicar ninguna parte del contenido de este sitio en otro sitio Web ni en ning\u00fan otro soporte.<\/p><h3>Exclusi\u00f3n de responsabilidades<\/h3><p>Beatsign Studio\u00a0no garantiza que la informaci\u00f3n de este sitio Web sea correcta, est\u00e9 actualizada ni sea completa, y este sitio puede contener imprecisiones t\u00e9cnicas o errores tipogr\u00e1ficos.\u00a0Beatsign Studio no asume ninguna responsabilidad (y rechaza expresamente cualquier responsabilidad) sobre la actualizaci\u00f3n de este sitio para mantener la informaci\u00f3n actualizada ni garantiza que la informaci\u00f3n publicada sea precisa ni completa. Por lo tanto, el Cliente debe confirmar que la informaci\u00f3n publicada sea precisa y completa antes de tomar ninguna decisi\u00f3n relacionada con cualquier servicio, producto o tema descrito en este sitio.<\/p><p>Beatsign Studio\u00a0no garantiza que vaya a resolver los problemas notificados, aunque proporcione informaci\u00f3n con el objetivo de solucionar un problema.<\/p><h3>Informaci\u00f3n confidencial<\/h3><p>Beatsign Studio\u00a0no desea recibir informaci\u00f3n confidencial ni de la propiedad del Cliente a trav\u00e9s de nuestro sitio Web. Por favor, tenga en cuenta que cualquier informaci\u00f3n o material enviado a\u00a0Beatsign Studio se considerar\u00e1 como NO confidencial. Mediante el env\u00edo a\u00a0Beatsign Studio de cualquier informaci\u00f3n o material, el Cliente otorga a\u00a0Beatsign Studio una licencia no restringida e irrevocable para copiar, reproducir, publicar, subir, exhibir, publicar, transmitir, distribuir, mostrar p\u00fablicamente, ejecutar, modificar y crear trabajos derivados a partir del mismo, y utilizar libremente del modo conveniente dicha informaci\u00f3n o material. Tambi\u00e9n acepta que\u00a0Beatsign Studio puede utilizar libremente cualquier idea, concepto, experiencia o t\u00e9cnicas que nos env\u00ede con cualquier finalidad. No obstante, no publicaremos su nombre ni de otro modo haremos p\u00fablico el hecho de que nos remiti\u00f3 materiales u otra informaci\u00f3n a menos que: (a) obtengamos su permiso para utilizar su nombre; o (b) le notifiquemos antes que los materiales u otra informaci\u00f3n que remita a una parte espec\u00edfica de este sitio se publicar\u00e1n o utilizar\u00e1n de otro modo indicando en ella su nombre; o (c) la ley nos obligue a hacerlo as\u00ed. La informaci\u00f3n de identificaci\u00f3n personal que env\u00ede a\u00a0Beatsign Studio con el fin de recibir productos o servicios se gestionar\u00e1 de acuerdo con nuestras pol\u00edticas de privacidad. Consulte la pesta\u00f1a \"Privacidad\" para ver informaci\u00f3n sobre las pol\u00edticas de privacidad de Beatsign Studio.<\/p><h3>Relaciones comerciales<\/h3><p>Este sitio Web puede contener enlaces o referencias a sitios Web y recursos que no sean de Beatsign Studio.\u00a0Beatsign Studio no efect\u00faa declaraci\u00f3n, aseveraci\u00f3n o afirmaci\u00f3n alguna sobre ning\u00fan sitio Web que no sea de\u00a0Beatsign Studio ni sobre recursos de terceros a los que el Cliente pueda acceder a trav\u00e9s de nuestro sitio Web. Un enlace con un sitio Web que no sea de\u00a0Beatsign Studio no significa que\u00a0Beatsign Studio recomiende el contenido o uso de dicho sitio Web o de su propietario. Adem\u00e1s,\u00a0Beatsign Studio no es part\u00edcipe ni responsable de ninguna transacci\u00f3n que pueda realizar con terceros, aunque el Cliente conozca a dichos terceros (o utilice su enlace) a trav\u00e9s de un sitio de Beatsign Studio. Por lo tanto, el Cliente reconoce y acepta que\u00a0Beatsign Studio no es responsable de la disponibilidad de dichos sitios o recursos externos ni es responsable de ning\u00fan contenido, servicio, producto u otro material que pueda encontrar en dichos sitios o recursos.<\/p><p>Cuando acceda a un sitio Web que no sea de Beatsign Studio, incluso uno que pueda contener el logotipo de Beatsign Studio, por favor, comprenda que dicho sitio es independiente de\u00a0Beatsign Studio y que\u00a0Beatsign Studio no tiene ning\u00fan control sobre el contenido de dicho sitio Web. Depende del Cliente tomar precauciones para protegerse frente a virus, gusanos, troyanos y otros elementos de naturaleza destructiva y de proteger su informaci\u00f3n seg\u00fan considere oportuno.<\/p><h3>LIMITACI\u00d3N DE GARANT\u00cdA<\/h3><p>UTILICE ESTE SITIO BAJO SU CUENTA Y RIESGO. TODO EL MATERIAL, INFORMACI\u00d3N, PRODUCTOS, SOFTWARE, PROGRAMAS Y SERVICIOS SE PROPORCIONAN \"TAL CUAL\", SIN GARANT\u00cdAS DE NING\u00daN TIPO.\u00a0ESTUDIO SITUACI\u00d3N CR\u00cdTICA RECHAZA, HASTA EL L\u00cdMITE PERMITIDO POR LEY, CUALQUIER GARANT\u00cdA O REPRESENTACI\u00d3N EXPL\u00cdCITA, IMPL\u00cdCITA, ESTATUTARIA Y CUALQUIER OTRA GARANT\u00cdA, INCLUIDAS, AUNQUE SIN LIMITARSE A LAS MISMAS, LAS GARANT\u00cdAS IMPL\u00cdCITAS DE COMERCIALIZACI\u00d3N, ADECUACI\u00d3N PARA UN PROP\u00d3SITO PARTICULAR Y DE NO INFRACCI\u00d3N DE DERECHOS DE PROPIEDAD Y DE PROPIEDAD INTELECTUAL. SIN LIMITACI\u00d3N, ESTUDIO SITUACI\u00d3N CR\u00cdTICA NO GARANTIZA QUE ESTE SITIO WEB FUNCIONE DE FORMA ININTERRUMPIDA, PUNTUAL, SEGURA Y LIBRE DE ERRORES.<\/p><p>EL CLIENTE COMPRENDE Y ACEPTA QUE, SI DESCARGA U OBTIENE DE CUALQUIER OTRO MODO MATERIAL, INFORMACI\u00d3N, PRODUCTOS, SOFTWARE, PROGRAMAS O SERVICIOS, LO HACE BAJO SU CUENTA Y RIESGO Y ES EL \u00daNICO RESPONSABLE DE CUALQUIER DA\u00d1O QUE PUEDA RESULTAR, INCLUIDOS LA P\u00c9RDIDA DE DATOS Y LOS DA\u00d1OS EN EL SISTEMA.<\/p><p>ALGUNAS JURISDICCIONES NO PERMITEN LA EXCLUSI\u00d3N DE GARANT\u00cdAS, POR LO QUE ES POSIBLE QUE LAS EXCLUSIONES ANTERIORES NO SE APLIQUEN EN SU CASO.<\/p><h3>LIMITACI\u00d3N DE RESPONSABILIDAD<\/h3><p>EN NING\u00daN CASO SER\u00c1 ESTUDIO SITUACI\u00d3N CR\u00cdTICA RESPONSABLE ANTE NINGUNA PARTE POR CUALQUIER DA\u00d1O DIRECTO, INDIRECTO, ESPECIAL O DERIVADO RELACIONADO CON ESTE SITIO WEB O CON EL USO DE ESTE SITIO WEB O DE CUALQUIER SITIO O RECURSO ENLAZADO A ESTE SITIO WEB O AL QUE SE HAGA REFERENCIA O SE ACCEDA A TRAV\u00c9S DEL MISMO, NI DEL USO, DESCARGA NI ACCESO A NING\u00daN MATERIAL, INFORMACI\u00d3N, PRODUCTOS O SERVICIOS, INCLUIDOS, AUNQUE SIN LIMITARSE A LOS MISMOS, CUALQUIER P\u00c9RDIDA DE BENEFICIOS, INTERRUPCI\u00d3N DE NEGOCIO, P\u00c9RDIDA DE INGRESOS, P\u00c9RDIDA DE PROGRAMAS O DE OTROS DATOS, INCLUSO SI SE NOS AVISA EXPRESAMENTE DE LA POSIBILIDAD DE DICHOS DA\u00d1OS. ESTA EXCLUSI\u00d3N Y EXENCI\u00d3N DE RESPONSABILIDAD SE APLICA A TODAS LAS CAUSAS DE ACCI\u00d3N, BASADAS EN CONTRATO, GARANT\u00cdA, RESPONSABILIDAD EXTRACONTRACTUAL O CUALQUIER OTRA FIGURA LEGAL.<\/p>","_et_gb_content_width":""},"_links":{"self":[{"href":"https:\/\/beatsign.com\/studio\/works\/wp-json\/wp\/v2\/pages\/1919"}],"collection":[{"href":"https:\/\/beatsign.com\/studio\/works\/wp-json\/wp\/v2\/pages"}],"about":[{"href":"https:\/\/beatsign.com\/studio\/works\/wp-json\/wp\/v2\/types\/page"}],"author":[{"embeddable":true,"href":"https:\/\/beatsign.com\/studio\/works\/wp-json\/wp\/v2\/users\/1"}],"replies":[{"embeddable":true,"href":"https:\/\/beatsign.com\/studio\/works\/wp-json\/wp\/v2\/comments?post=1919"}],"version-history":[{"count":3,"href":"https:\/\/beatsign.com\/studio\/works\/wp-json\/wp\/v2\/pages\/1919\/revisions"}],"predecessor-version":[{"id":206510,"href":"https:\/\/beatsign.com\/studio\/works\/wp-json\/wp\/v2\/pages\/1919\/revisions\/206510"}],"wp:attachment":[{"href":"https:\/\/beatsign.com\/studio\/works\/wp-json\/wp\/v2\/media?parent=1919"}],"curies":[{"name":"wp","href":"https:\/\/api.w.org\/{rel}","templated":true}]}}